{"id":1857,"date":"2025-09-28T15:41:05","date_gmt":"2025-09-28T12:41:05","guid":{"rendered":"https:\/\/antikacidukkani.com\/antikaci\/?page_id=1857"},"modified":"2025-09-28T16:04:19","modified_gmt":"2025-09-28T13:04:19","slug":"alzheimera-yolculuk","status":"publish","type":"page","link":"https:\/\/antikacidukkani.com\/antikaci\/alzheimera-yolculuk\/","title":{"rendered":"Alzheimer&#8217;a Yolculuk"},"content":{"rendered":"<p>Bu kitaptaki hik\u00e2yede; tek bir kad\u0131n\u0131n ya\u015fad\u0131\u011f\u0131 iki ayr\u0131 tecr\u00fcbe iki ki\u015fide kurgulanarak farkl\u0131 bir pencereden \u2018Alzheimer\u2019 konusu irdelenmi\u015ftir. Alzheimer\/demans te\u015fhisi konmu\u015f bir yak\u0131n\u0131n\u0131z varsa okuduklar\u0131n\u0131zdan sonra \u00e7ok farkl\u0131 bir g\u00f6r\u00fc\u015fe sahip olacak ve rahatlayacaks\u0131n\u0131z.<br \/>\nYa\u015fanm\u0131\u015f, edinilmi\u015f tecr\u00fcbeler ve uzmanlardan al\u0131nan bilgilerle g\u00fcn\u00fcm\u00fczde yayg\u0131n bir sorun, hastal\u0131k olarak kabul edilmi\u015f Alzheimer\u2019a bu kitapta farkl\u0131 bir yolculu\u011fa \u00e7\u0131kacaks\u0131n\u0131z.<br \/>\nSevgi, huzur ve g\u00fcvenin oldu\u011fu her anda beyin beslenir ve bilme halindedir. Sevgisini, huzurunu ve g\u00fcvenini yitirdi\u011fi zaman a\u00e7l\u0131k haline giren beyin \u0131\u015f\u0131\u011f\u0131n\u0131 kaybeder. Kendini korumak i\u00e7in \u015falterleri indirmeye ba\u015flar.<br \/>\n\u0130nanarak d\u00fc\u015f\u00fcnd\u00fc\u011f\u00fcm\u00fcz her \u015fey, bizim ki\u015fili\u011fimiz ve bu d\u00fcnyadaki yerimiz, g\u00f6rev adresimiz; kelamlar\u0131m\u0131z ise (olumlu ya da olumsuz) isteklerimizdir. Yarat\u0131lan da biziz, ya\u015fatan da, ya\u015fayan da&#8230; Milyarlarla telaffuz etti\u011fimiz h\u00fccrelerimiz, bizim birer c\u00fcz\u00fcm\u00fcz. Biz de bir h\u00fccreyiz. Milyar\u0131m\u0131z bir arada biriz. Bu b\u00fcy\u00fck biri, daha b\u00fcy\u00fck birlere ta\u015f\u0131mak i\u00e7in bir h\u00fccre beyin olarak g\u00f6revdeyiz. G\u00f6revimizi se\u00e7en biziz. Kimimiz bu bilin\u00e7te ve \u00e7abaday\u0131z. Kimimiz d\u00fcnya rehavetinde zaaftay\u0131z.\u00a0<em>Alzheimer\u2019la Yolculuk<\/em>\u00a0kitab\u0131, bu konuda bilgi ve deneyim arayanlara bir k\u0131lavuz kitapt\u0131r.<\/p>\n<p>&nbsp;<\/p>\n<h1 style=\"text-align: left;\"><img loading=\"lazy\" decoding=\"async\" class=\"size-medium wp-image-1858 alignleft\" src=\"https:\/\/antikacidukkani.com\/antikaci\/wp-content\/uploads\/2025\/09\/Alzhemer-Kitap-Gorsel-204x300.jpeg\" alt=\"\" width=\"204\" height=\"300\" \/><\/h1>\n","protected":false},"excerpt":{"rendered":"<p>Bu kitaptaki hik\u00e2yede; tek bir kad\u0131n\u0131n ya\u015fad\u0131\u011f\u0131 iki ayr\u0131 tecr\u00fcbe iki ki\u015fide kurgulanarak farkl\u0131 bir pencereden \u2018Alzheimer\u2019 konusu irdelenmi\u015ftir. Alzheimer\/demans te\u015fhisi konmu\u015f bir yak\u0131n\u0131n\u0131z varsa okuduklar\u0131n\u0131zdan sonra \u00e7ok farkl\u0131 bir g\u00f6r\u00fc\u015fe sahip olacak ve rahatlayacaks\u0131n\u0131z. Ya\u015fanm\u0131\u015f, edinilmi\u015f tecr\u00fcbeler ve uzmanlardan al\u0131nan bilgilerle g\u00fcn\u00fcm\u00fczde yayg\u0131n bir sorun, hastal\u0131k olarak kabul edilmi\u015f Alzheimer\u2019a bu kitapta farkl\u0131 bir [&hellip;]<\/p>\n","protected":false},"author":6,"featured_media":0,"parent":0,"menu_order":0,"comment_status":"closed","ping_status":"closed","template":"","meta":{"footnotes":""},"class_list":["post-1857","page","type-page","status-publish","hentry"],"_links":{"self":[{"href":"https:\/\/antikacidukkani.com\/antikaci\/wp-json\/wp\/v2\/pages\/1857","targetHints":{"allow":["GET"]}}],"collection":[{"href":"https:\/\/antikacidukkani.com\/antikaci\/wp-json\/wp\/v2\/pages"}],"about":[{"href":"https:\/\/antikacidukkani.com\/antikaci\/wp-json\/wp\/v2\/types\/page"}],"author":[{"embeddable":true,"href":"https:\/\/antikacidukkani.com\/antikaci\/wp-json\/wp\/v2\/users\/6"}],"replies":[{"embeddable":true,"href":"https:\/\/antikacidukkani.com\/antikaci\/wp-json\/wp\/v2\/comments?post=1857"}],"version-history":[{"count":4,"href":"https:\/\/antikacidukkani.com\/antikaci\/wp-json\/wp\/v2\/pages\/1857\/revisions"}],"predecessor-version":[{"id":1867,"href":"https:\/\/antikacidukkani.com\/antikaci\/wp-json\/wp\/v2\/pages\/1857\/revisions\/1867"}],"wp:attachment":[{"href":"https:\/\/antikacidukkani.com\/antikaci\/wp-json\/wp\/v2\/media?parent=1857"}],"curies":[{"name":"wp","href":"https:\/\/api.w.org\/{rel}","templated":true}]}}