{"id":44,"date":"2018-04-23T21:58:11","date_gmt":"2018-04-23T21:58:11","guid":{"rendered":"https:\/\/antikacidukkani.com\/antikaci\/?page_id=44"},"modified":"2020-07-26T21:04:40","modified_gmt":"2020-07-26T18:04:40","slug":"hakkimizda","status":"publish","type":"page","link":"https:\/\/antikacidukkani.com\/antikaci\/hakkimizda\/","title":{"rendered":"Hakk\u0131m\u0131zda"},"content":{"rendered":"<p>\u00dclkemizin antik adas\u0131 Cunda&#8217;da antika sevenlere hizmet veren yurtsever ailesinin koleksiyonerlik tutkusu 30 y\u0131l \u00f6ncesine dayanmakta.<\/p>\n<p>Aile tutkumuzu T\u00fcrkiye&#8217;nin d\u00f6rt bir yan\u0131ndaki Antika severlere ula\u015ft\u0131r\u0131yoruz. \u0130lham\u0131m\u0131z\u0131 Charles Dickens&#8217; \u0131n The Old Curiosity Shop adl\u0131 roman\u0131ndan ald\u0131k.<\/p>\n<p>2003 y\u0131l\u0131ndan beri ANT\u0130KACI D\u00dcKKANI Hal\u0131dan- ayd\u0131nlatmalara, porselenden-bronza, mobilya, tabak tak\u0131mlar\u0131, fincanlar, d\u00fcrb\u00fcnler ve di\u011fer koleksiyon \u00fcr\u00fcnlerini b\u00fcy\u00fck bir titizlik ve g\u00f6rsellikle sergilemektedirler.<\/p>\n","protected":false},"excerpt":{"rendered":"<p>\u00dclkemizin antik adas\u0131 Cunda&#8217;da antika sevenlere hizmet veren yurtsever ailesinin koleksiyonerlik tutkusu 30 y\u0131l \u00f6ncesine dayanmakta. Aile tutkumuzu T\u00fcrkiye&#8217;nin d\u00f6rt bir yan\u0131ndaki Antika severlere ula\u015ft\u0131r\u0131yoruz. \u0130lham\u0131m\u0131z\u0131 Charles Dickens&#8217; \u0131n The Old Curiosity Shop adl\u0131 roman\u0131ndan ald\u0131k. 2003 y\u0131l\u0131ndan beri ANT\u0130KACI D\u00dcKKANI Hal\u0131dan- ayd\u0131nlatmalara, porselenden-bronza, mobilya, tabak tak\u0131mlar\u0131, fincanlar, d\u00fcrb\u00fcnler ve di\u011fer koleksiyon \u00fcr\u00fcnlerini b\u00fcy\u00fck bir [&hellip;]<\/p>\n","protected":false},"author":1,"featured_media":0,"parent":0,"menu_order":0,"comment_status":"closed","ping_status":"closed","template":"","meta":{"footnotes":""},"class_list":["post-44","page","type-page","status-publish","hentry"],"_links":{"self":[{"href":"https:\/\/antikacidukkani.com\/antikaci\/wp-json\/wp\/v2\/pages\/44","targetHints":{"allow":["GET"]}}],"collection":[{"href":"https:\/\/antikacidukkani.com\/antikaci\/wp-json\/wp\/v2\/pages"}],"about":[{"href":"https:\/\/antikacidukkani.com\/antikaci\/wp-json\/wp\/v2\/types\/page"}],"author":[{"embeddable":true,"href":"https:\/\/antikacidukkani.com\/antikaci\/wp-json\/wp\/v2\/users\/1"}],"replies":[{"embeddable":true,"href":"https:\/\/antikacidukkani.com\/antikaci\/wp-json\/wp\/v2\/comments?post=44"}],"version-history":[{"count":1,"href":"https:\/\/antikacidukkani.com\/antikaci\/wp-json\/wp\/v2\/pages\/44\/revisions"}],"predecessor-version":[{"id":46,"href":"https:\/\/antikacidukkani.com\/antikaci\/wp-json\/wp\/v2\/pages\/44\/revisions\/46"}],"wp:attachment":[{"href":"https:\/\/antikacidukkani.com\/antikaci\/wp-json\/wp\/v2\/media?parent=44"}],"curies":[{"name":"wp","href":"https:\/\/api.w.org\/{rel}","templated":true}]}}